{"id":93,"date":"2022-11-11T10:01:28","date_gmt":"2022-11-11T10:01:28","guid":{"rendered":"https:\/\/spillfabrik.lu\/?page_id=93"},"modified":"2025-05-02T11:39:57","modified_gmt":"2025-05-02T09:39:57","slug":"crew","status":"publish","type":"page","link":"https:\/\/spillfabrik.lu\/en\/crew\/","title":{"rendered":"Crew"},"content":{"rendered":"<p>[et_pb_section fb_built=&#8221;1&#8243; _builder_version=&#8221;4.19.0&#8243; _module_preset=&#8221;default&#8221; custom_margin=&#8221;||||true|true&#8221; custom_padding=&#8221;48px|10vw|48px|10vw|true|true&#8221; global_colors_info=&#8221;{}&#8221;][et_pb_row _builder_version=&#8221;4.19.0&#8243; _module_preset=&#8221;default&#8221; width=&#8221;100%&#8221; max_width=&#8221;1800px&#8221; custom_margin=&#8221;||24px||false|true&#8221; custom_padding=&#8221;0px||0px||true|true&#8221; global_colors_info=&#8221;{}&#8221;][et_pb_column type=&#8221;4_4&#8243; _builder_version=&#8221;4.19.0&#8243; _module_preset=&#8221;default&#8221; global_colors_info=&#8221;{}&#8221;][et_pb_text _builder_version=&#8221;4.19.0&#8243; _module_preset=&#8221;default&#8221; header_font=&#8221;M PLUS Rounded 1c|800||on|||||&#8221; header_text_color=&#8221;#4C7BBD&#8221; header_font_size=&#8221;32px&#8221; header_letter_spacing=&#8221;1px&#8221; custom_margin=&#8221;||12px||false|false&#8221; header_font_size_tablet=&#8221;28px&#8221; header_font_size_phone=&#8221;24px&#8221; header_font_size_last_edited=&#8221;on|phone&#8221; global_colors_info=&#8221;{}&#8221;]<\/p>\n<h1>Crew<\/h1>\n<p>[\/et_pb_text][et_pb_text _builder_version=&#8221;4.19.2&#8243; _module_preset=&#8221;default&#8221; text_text_color=&#8221;#4C7BBD&#8221; global_colors_info=&#8221;{}&#8221;]<\/p>\n<p>Hei l\u00e9iert dir eise Kommitee kennen. Mir sinn zu aacht a g\u00e9r\u00e9iere verschidden Aspekter an Aktivit\u00e9ite vum Club. Normalerweis ass bei all Evenement op mannst ee vun eis derb\u00e4i.<\/p>\n<p>[\/et_pb_text][\/et_pb_column][\/et_pb_row][et_pb_row column_structure=&#8221;1_4,1_4,1_4,1_4&#8243; use_custom_gutter=&#8221;on&#8221; gutter_width=&#8221;2&#8243; make_equal=&#8221;on&#8221; _builder_version=&#8221;4.19.0&#8243; _module_preset=&#8221;default&#8221; width=&#8221;100%&#8221; max_width=&#8221;1800px&#8221; custom_margin=&#8221;36px||36px||true|true&#8221; custom_padding=&#8221;24px||0px||false|true&#8221; global_colors_info=&#8221;{}&#8221;][et_pb_column type=&#8221;1_4&#8243; _builder_version=&#8221;4.19.0&#8243; _module_preset=&#8221;default&#8221; custom_padding=&#8221;24px|24px|24px|24px|true|true&#8221; border_radii=&#8221;on|5px|5px|5px|5px&#8221; border_color_all=&#8221;RGBA(255,255,255,0)&#8221; box_shadow_style=&#8221;preset1&#8243; box_shadow_blur=&#8221;20px&#8221; box_shadow_color=&#8221;rgba(76,123,189,0.5)&#8221; global_colors_info=&#8221;{}&#8221;][et_pb_image src=&#8221;https:\/\/spillfabrik.lu\/wp-content\/uploads\/2022\/11\/Crew_MT_2.jpg&#8221; title_text=&#8221;Crew_MT_2&#8243; _builder_version=&#8221;4.19.0&#8243; _module_preset=&#8221;default&#8221; module_alignment=&#8221;left&#8221; custom_margin=&#8221;||24px||false|false&#8221; border_radii=&#8221;on|5px|5px|5px|5px&#8221; border_color_all=&#8221;#F6AF06&#8243; global_colors_info=&#8221;{}&#8221;][\/et_pb_image][et_pb_text _builder_version=&#8221;4.19.0&#8243; _module_preset=&#8221;default&#8221; text_text_color=&#8221;#777777&#8243; text_font_size=&#8221;14px&#8221; text_line_height=&#8221;1.2em&#8221; header_font_size=&#8221;24px&#8221; header_2_font=&#8221;|600|||||||&#8221; header_2_text_color=&#8221;#4C7BBD&#8221; header_2_font_size=&#8221;20px&#8221; header_3_font=&#8221;||on||||||&#8221; header_3_text_color=&#8221;#F6AF06&#8243; header_3_font_size=&#8221;14px&#8221; header_3_letter_spacing=&#8221;1px&#8221; text_orientation=&#8221;justified&#8221; header_2_font_size_tablet=&#8221;18px&#8221; header_2_font_size_phone=&#8221;20px&#8221; header_2_font_size_last_edited=&#8221;on|phone&#8221; global_colors_info=&#8221;{}&#8221;]<\/p>\n<h2><span>President MARC<\/span><\/h2>\n<h3><a href=\"mailto:marc@spillfabrik.lu\" class=\"whitelink\">marc@spillfabrik.lu<\/a><\/h3>\n<p><span>De Marc ass zanter der Gr\u00ebnnung de President vun eiser Spillfabrik. Hien ass mat der Iddi komm fir d\u00ebse Spillclub ze gr\u00ebnnen, an de Succ\u00e8s huet \u00ebm Recht ginn. Et kuckt jiddwereen zum Marc erop; an dat ass definitiv wuertwiertlech ze huelen. Mat d\u00e4r Kierpergr\u00e9isst ass et n\u00ebmmen normal dass hien och Basketball spillt.<\/span><span><\/span><\/p>\n<p>[\/et_pb_text][\/et_pb_column][et_pb_column type=&#8221;1_4&#8243; _builder_version=&#8221;4.19.0&#8243; _module_preset=&#8221;default&#8221; custom_padding=&#8221;24px|24px|24px|24px|true|true&#8221; border_radii=&#8221;on|5px|5px|5px|5px&#8221; border_color_all=&#8221;RGBA(255,255,255,0)&#8221; box_shadow_style=&#8221;preset1&#8243; box_shadow_blur=&#8221;20px&#8221; box_shadow_color=&#8221;rgba(76,123,189,0.5)&#8221; global_colors_info=&#8221;{}&#8221;][et_pb_image src=&#8221;https:\/\/spillfabrik.lu\/wp-content\/uploads\/2022\/11\/Crew_LM_2.jpg&#8221; title_text=&#8221;Crew_LM_2&#8243; _builder_version=&#8221;4.23.1&#8243; _module_preset=&#8221;default&#8221; module_alignment=&#8221;left&#8221; custom_margin=&#8221;||24px||false|false&#8221; border_radii=&#8221;on|5px|5px|5px|5px&#8221; border_color_all=&#8221;#F6AF06&#8243; global_colors_info=&#8221;{}&#8221;][\/et_pb_image][et_pb_text _builder_version=&#8221;4.23.1&#8243; _module_preset=&#8221;default&#8221; text_text_color=&#8221;#777777&#8243; text_font_size=&#8221;14px&#8221; text_line_height=&#8221;1.2em&#8221; header_font_size=&#8221;24px&#8221; header_2_font=&#8221;|600|||||||&#8221; header_2_text_color=&#8221;#4C7BBD&#8221; header_2_font_size=&#8221;20px&#8221; header_3_font=&#8221;||on||||||&#8221; header_3_text_color=&#8221;#F6AF06&#8243; header_3_font_size=&#8221;14px&#8221; header_3_letter_spacing=&#8221;1px&#8221; text_orientation=&#8221;justified&#8221; header_2_font_size_tablet=&#8221;18px&#8221; header_2_font_size_phone=&#8221;20px&#8221; header_2_font_size_last_edited=&#8221;on|phone&#8221; global_colors_info=&#8221;{}&#8221;]<\/p>\n<h2><span>Vize-President <\/span><span>LOL<\/span><\/h2>\n<h3><span>\u00a0<\/span><a href=\"mailto:lol@spillfabrik.lu\" class=\"whitelink\">lol@spillfabrik.lu<\/a><\/h3>\n<p>De Lol ass zanter 2019 am Komitee, obwuel hien eis schonn oft virdru bei eisen Evenementer am Second-Hand-Shop gehollef huet. Hien h\u00eblleft och bei der Organisatioun vum Bistrospill-Award. 2024 huet hien de Vize-Poste vum Jean-Claude geierft.<\/p>\n<p>&nbsp;<\/p>\n<p>[\/et_pb_text][\/et_pb_column][et_pb_column type=&#8221;1_4&#8243; _builder_version=&#8221;4.19.0&#8243; _module_preset=&#8221;default&#8221; custom_padding=&#8221;24px|24px|24px|24px|true|true&#8221; border_radii=&#8221;on|5px|5px|5px|5px&#8221; border_color_all=&#8221;RGBA(255,255,255,0)&#8221; box_shadow_style=&#8221;preset1&#8243; box_shadow_blur=&#8221;20px&#8221; box_shadow_color=&#8221;rgba(76,123,189,0.5)&#8221; global_colors_info=&#8221;{}&#8221;][et_pb_image src=&#8221;https:\/\/spillfabrik.lu\/wp-content\/uploads\/2022\/11\/Crew_CK_2.jpg&#8221; title_text=&#8221;Crew_CK_2&#8243; _builder_version=&#8221;4.19.0&#8243; _module_preset=&#8221;default&#8221; module_alignment=&#8221;left&#8221; custom_margin=&#8221;||24px||false|false&#8221; border_radii=&#8221;on|5px|5px|5px|5px&#8221; border_color_all=&#8221;#F6AF06&#8243; global_colors_info=&#8221;{}&#8221;][\/et_pb_image][et_pb_text _builder_version=&#8221;4.23.1&#8243; _module_preset=&#8221;default&#8221; text_text_color=&#8221;#777777&#8243; text_font_size=&#8221;14px&#8221; text_line_height=&#8221;1.2em&#8221; header_font_size=&#8221;24px&#8221; header_2_font=&#8221;|600|||||||&#8221; header_2_text_color=&#8221;#4C7BBD&#8221; header_2_font_size=&#8221;20px&#8221; header_3_font=&#8221;||on||||||&#8221; header_3_text_color=&#8221;#F6AF06&#8243; header_3_font_size=&#8221;14px&#8221; header_3_letter_spacing=&#8221;1px&#8221; text_orientation=&#8221;justified&#8221; header_2_font_size_tablet=&#8221;18px&#8221; header_2_font_size_phone=&#8221;20px&#8221; header_2_font_size_last_edited=&#8221;on|phone&#8221; global_colors_info=&#8221;{}&#8221;]<\/p>\n<h2><span>Generalsekret\u00e4r CHRISTIAN<\/span><\/h2>\n<h3><a href=\"mailto:chrescht@spillfabrik.lu\" class=\"whitelink\">chrescht@spillfabrik.lu<\/a><\/h3>\n<p>De Chr\u00ebscht ass vun Ufank un eise Generalsekret\u00e4r. Hie meeschtert dee ganzen onbel\u00e9ifte Pabeierkrich a korrespond\u00e9iert \u00ebnner anerem mat der Gemeng an de Spillverleeg. Hien ass och Spillauteur an eis Liaisoun mat Ravensburger fir d&#8217;Organisatioun vun eise Puzzle-Events.<\/p>\n<p>&nbsp;<\/p>\n<p>[\/et_pb_text][\/et_pb_column][et_pb_column type=&#8221;1_4&#8243; _builder_version=&#8221;4.19.0&#8243; _module_preset=&#8221;default&#8221; custom_padding=&#8221;24px|24px|24px|24px|true|true&#8221; border_radii=&#8221;on|5px|5px|5px|5px&#8221; border_color_all=&#8221;RGBA(255,255,255,0)&#8221; box_shadow_style=&#8221;preset1&#8243; box_shadow_blur=&#8221;20px&#8221; box_shadow_color=&#8221;rgba(76,123,189,0.5)&#8221; global_colors_info=&#8221;{}&#8221;][et_pb_image src=&#8221;https:\/\/spillfabrik.lu\/wp-content\/uploads\/Crew_RG_2025.jpg&#8221; title_text=&#8221;Crew_RG_2025&#8243; _builder_version=&#8221;4.27.4&#8243; _module_preset=&#8221;default&#8221; module_alignment=&#8221;left&#8221; custom_margin=&#8221;||24px||false|false&#8221; hover_enabled=&#8221;0&#8243; border_radii=&#8221;on|5px|5px|5px|5px&#8221; border_color_all=&#8221;#F6AF06&#8243; global_colors_info=&#8221;{}&#8221; sticky_enabled=&#8221;0&#8243;][\/et_pb_image][et_pb_text _builder_version=&#8221;4.27.4&#8243; _module_preset=&#8221;default&#8221; text_text_color=&#8221;#777777&#8243; text_font_size=&#8221;14px&#8221; text_line_height=&#8221;1.2em&#8221; header_font_size=&#8221;24px&#8221; header_2_font=&#8221;|600|||||||&#8221; header_2_text_color=&#8221;#4C7BBD&#8221; header_2_font_size=&#8221;20px&#8221; header_3_font=&#8221;||on||||||&#8221; header_3_text_color=&#8221;#F6AF06&#8243; header_3_font_size=&#8221;14px&#8221; header_3_letter_spacing=&#8221;1px&#8221; text_orientation=&#8221;justified&#8221; hover_enabled=&#8221;0&#8243; header_2_font_size_tablet=&#8221;18px&#8221; header_2_font_size_phone=&#8221;20px&#8221; header_2_font_size_last_edited=&#8221;on|phone&#8221; global_colors_info=&#8221;{}&#8221; sticky_enabled=&#8221;0&#8243;]<\/p>\n<h2><span>Kommiteesmember RACHEL<\/span><\/h2>\n<h3><a href=\"mailto:rachel@spillfabrik.lu\" class=\"whitelink\">rachel@spillfabrik.lu<\/a><\/h3>\n<p><span>D&#8217;Rachel ass 2025 bei eis an de Kommitee gestouss. Hatt k\u00ebnnt oft mat senger Famill an de Club an h\u00eblleft och \u00ebmmer g\u00e4re mat.<\/span><\/p>\n<p>&nbsp;<\/p>\n<p>[\/et_pb_text][\/et_pb_column][\/et_pb_row][et_pb_row column_structure=&#8221;1_4,1_4,1_4,1_4&#8243; use_custom_gutter=&#8221;on&#8221; gutter_width=&#8221;2&#8243; make_equal=&#8221;on&#8221; _builder_version=&#8221;4.19.0&#8243; _module_preset=&#8221;default&#8221; width=&#8221;100%&#8221; max_width=&#8221;1800px&#8221; custom_margin=&#8221;||||true|true&#8221; custom_padding=&#8221;24px||0px||false|true&#8221; global_colors_info=&#8221;{}&#8221;][et_pb_column type=&#8221;1_4&#8243; _builder_version=&#8221;4.19.0&#8243; _module_preset=&#8221;default&#8221; custom_padding=&#8221;24px|24px|24px|24px|true|true&#8221; border_radii=&#8221;on|5px|5px|5px|5px&#8221; border_color_all=&#8221;RGBA(255,255,255,0)&#8221; box_shadow_style=&#8221;preset1&#8243; box_shadow_blur=&#8221;20px&#8221; box_shadow_color=&#8221;rgba(76,123,189,0.5)&#8221; global_colors_info=&#8221;{}&#8221;][et_pb_image src=&#8221;https:\/\/spillfabrik.lu\/wp-content\/uploads\/2022\/11\/Crew_AB_2.jpg&#8221; title_text=&#8221;Crew_AB_2&#8243; _builder_version=&#8221;4.19.0&#8243; _module_preset=&#8221;default&#8221; module_alignment=&#8221;left&#8221; custom_margin=&#8221;||24px||false|false&#8221; border_radii=&#8221;on|5px|5px|5px|5px&#8221; border_color_all=&#8221;#F6AF06&#8243; global_colors_info=&#8221;{}&#8221;][\/et_pb_image][et_pb_text _builder_version=&#8221;4.19.0&#8243; _module_preset=&#8221;default&#8221; text_text_color=&#8221;#777777&#8243; text_font_size=&#8221;14px&#8221; text_line_height=&#8221;1.2em&#8221; header_font_size=&#8221;24px&#8221; header_2_font=&#8221;|600|||||||&#8221; header_2_text_color=&#8221;#4C7BBD&#8221; header_2_font_size=&#8221;20px&#8221; header_3_font=&#8221;||on||||||&#8221; header_3_text_color=&#8221;#F6AF06&#8243; header_3_font_size=&#8221;14px&#8221; header_3_letter_spacing=&#8221;1px&#8221; text_orientation=&#8221;justified&#8221; header_2_font_size_tablet=&#8221;18px&#8221; header_2_font_size_phone=&#8221;20px&#8221; header_2_font_size_last_edited=&#8221;on|phone&#8221; global_colors_info=&#8221;{}&#8221;]<\/p>\n<h2><span class=\"bluetext\">Webmaster ALAIN<\/span><span>\u00a0<\/span><\/h2>\n<h3><a href=\"mailto:alain@spillfabrik.lu\" class=\"whitelink\">alain@spillfabrik.lu<\/a><\/h3>\n<p><span>Den Alain ass mam Jean-Claude 2012 an de Komitee komm. Hie schreift d&#8217;News vun eise Spillowender an huet och elo d\u00ebse Website \u00ebnnert senger Opsiicht. Sou w\u00e9i anerer um Facebook h\u00e4nken, ass hien um BoardGameGeek engag\u00e9iert an e ger\u00e9iert do eis Gild.<\/span><\/p>\n<p>&nbsp;<\/p>\n<p>[\/et_pb_text][\/et_pb_column][et_pb_column type=&#8221;1_4&#8243; _builder_version=&#8221;4.19.0&#8243; _module_preset=&#8221;default&#8221; custom_padding=&#8221;24px|24px|24px|24px|true|true&#8221; border_radii=&#8221;on|5px|5px|5px|5px&#8221; border_color_all=&#8221;RGBA(255,255,255,0)&#8221; box_shadow_style=&#8221;preset1&#8243; box_shadow_blur=&#8221;20px&#8221; box_shadow_color=&#8221;rgba(76,123,189,0.5)&#8221; global_colors_info=&#8221;{}&#8221;][et_pb_image src=&#8221;https:\/\/spillfabrik.lu\/wp-content\/uploads\/Crew_CS_2024a.jpg&#8221; title_text=&#8221;Crew_CS_2024a&#8221; _builder_version=&#8221;4.23.1&#8243; _module_preset=&#8221;default&#8221; module_alignment=&#8221;left&#8221; custom_margin=&#8221;||24px||false|false&#8221; border_radii=&#8221;on|5px|5px|5px|5px&#8221; border_color_all=&#8221;#F6AF06&#8243; global_colors_info=&#8221;{}&#8221;][\/et_pb_image][et_pb_text _builder_version=&#8221;4.27.4&#8243; _module_preset=&#8221;default&#8221; text_text_color=&#8221;#777777&#8243; text_font_size=&#8221;14px&#8221; text_line_height=&#8221;1.2em&#8221; header_font_size=&#8221;24px&#8221; header_2_font=&#8221;|600|||||||&#8221; header_2_text_color=&#8221;#4C7BBD&#8221; header_2_font_size=&#8221;20px&#8221; header_3_font=&#8221;||on||||||&#8221; header_3_text_color=&#8221;#F6AF06&#8243; header_3_font_size=&#8221;14px&#8221; header_3_letter_spacing=&#8221;1px&#8221; text_orientation=&#8221;justified&#8221; hover_enabled=&#8221;0&#8243; header_2_font_size_tablet=&#8221;18px&#8221; header_2_font_size_phone=&#8221;20px&#8221; header_2_font_size_last_edited=&#8221;on|phone&#8221; global_colors_info=&#8221;{}&#8221; sticky_enabled=&#8221;0&#8243;]<\/p>\n<h2><span>Kommiteesmember CHRISTIANE<\/span><\/h2>\n<h3><a href=\"mailto:christiane@spillfabrik.lu\" class=\"whitelink\">christiane@spillfabrik.lu<\/a><\/h3>\n<p>D&#8217;Christiane ass schonn iwwer 10 Joer treie Member gewiescht ier et 2024 eise Kommitee verst\u00e4erkt huet. Hatt ass och aktiv Puzzlerin an ass regelm\u00e9isseg bei d\u00ebsen Eventer dob\u00e4i.<\/p>\n<p>&nbsp;<\/p>\n<p>[\/et_pb_text][\/et_pb_column][et_pb_column type=&#8221;1_4&#8243; _builder_version=&#8221;4.19.0&#8243; _module_preset=&#8221;default&#8221; custom_padding=&#8221;24px|24px|24px|24px|true|true&#8221; border_radii=&#8221;on|5px|5px|5px|5px&#8221; border_color_all=&#8221;RGBA(255,255,255,0)&#8221; box_shadow_style=&#8221;preset1&#8243; box_shadow_blur=&#8221;20px&#8221; box_shadow_color=&#8221;rgba(76,123,189,0.5)&#8221; global_colors_info=&#8221;{}&#8221;][et_pb_image src=&#8221;https:\/\/spillfabrik.lu\/wp-content\/uploads\/Crew_LK_2024a.jpg&#8221; title_text=&#8221;Crew_LK_2024a&#8221; _builder_version=&#8221;4.23.1&#8243; _module_preset=&#8221;default&#8221; module_alignment=&#8221;left&#8221; custom_margin=&#8221;||24px||false|false&#8221; border_radii=&#8221;on|5px|5px|5px|5px&#8221; border_color_all=&#8221;#F6AF06&#8243; global_colors_info=&#8221;{}&#8221;][\/et_pb_image][et_pb_text _builder_version=&#8221;4.23.1&#8243; _module_preset=&#8221;default&#8221; text_text_color=&#8221;#777777&#8243; text_font_size=&#8221;14px&#8221; text_line_height=&#8221;1.2em&#8221; header_font_size=&#8221;24px&#8221; header_2_font=&#8221;|600|||||||&#8221; header_2_text_color=&#8221;#4C7BBD&#8221; header_2_font_size=&#8221;20px&#8221; header_3_font=&#8221;||on||||||&#8221; header_3_text_color=&#8221;#F6AF06&#8243; header_3_font_size=&#8221;14px&#8221; header_3_letter_spacing=&#8221;1px&#8221; text_orientation=&#8221;justified&#8221; header_2_font_size_tablet=&#8221;18px&#8221; header_2_font_size_phone=&#8221;20px&#8221; header_2_font_size_last_edited=&#8221;on|phone&#8221; global_colors_info=&#8221;{}&#8221;]<\/p>\n<h2><span>Tr\u00e9sori\u00e8re LYNN<\/span><\/h2>\n<h3><a href=\"mailto:lynn@spillfabrik.lu\" class=\"whitelink\">lynn@spillfabrik.lu<\/a><\/h3>\n<p>D&#8217;Lynn ass 2024 an eise Kommitee komm an huet de R\u00f4le vun der Tr\u00e9sori\u00e8re iwwerholl. Hatt ass aktiv Puzzlerin a schonn zanter 2015 bei eis am Club.<\/p>\n<p>&nbsp;<\/p>\n<p>[\/et_pb_text][\/et_pb_column][et_pb_column type=&#8221;1_4&#8243; _builder_version=&#8221;4.19.0&#8243; _module_preset=&#8221;default&#8221; custom_padding=&#8221;24px|24px|24px|24px|true|true&#8221; border_radii=&#8221;on|5px|5px|5px|5px&#8221; border_color_all=&#8221;RGBA(255,255,255,0)&#8221; box_shadow_style=&#8221;preset1&#8243; box_shadow_blur=&#8221;20px&#8221; box_shadow_color=&#8221;rgba(76,123,189,0.5)&#8221; global_colors_info=&#8221;{}&#8221;][et_pb_image src=&#8221;https:\/\/spillfabrik.lu\/wp-content\/uploads\/Crew_SW_2024a.jpg&#8221; title_text=&#8221;Crew_SW_2024a&#8221; _builder_version=&#8221;4.27.4&#8243; _module_preset=&#8221;default&#8221; module_alignment=&#8221;left&#8221; custom_margin=&#8221;||24px||false|false&#8221; hover_enabled=&#8221;0&#8243; border_radii=&#8221;on|5px|5px|5px|5px&#8221; border_color_all=&#8221;#F6AF06&#8243; global_colors_info=&#8221;{}&#8221; disabled_on=&#8221;on|on|on&#8221; disabled=&#8221;on&#8221; sticky_enabled=&#8221;0&#8243;][\/et_pb_image][et_pb_text _builder_version=&#8221;4.27.4&#8243; _module_preset=&#8221;default&#8221; text_text_color=&#8221;#777777&#8243; text_font_size=&#8221;14px&#8221; text_line_height=&#8221;1.2em&#8221; header_font_size=&#8221;24px&#8221; header_2_font=&#8221;|600|||||||&#8221; header_2_text_color=&#8221;#4C7BBD&#8221; header_2_font_size=&#8221;20px&#8221; header_3_font=&#8221;||on||||||&#8221; header_3_text_color=&#8221;#F6AF06&#8243; header_3_font_size=&#8221;14px&#8221; header_3_letter_spacing=&#8221;1px&#8221; text_orientation=&#8221;justified&#8221; hover_enabled=&#8221;0&#8243; header_2_font_size_tablet=&#8221;18px&#8221; header_2_font_size_phone=&#8221;20px&#8221; header_2_font_size_last_edited=&#8221;on|phone&#8221; global_colors_info=&#8221;{}&#8221; sticky_enabled=&#8221;0&#8243; disabled_on=&#8221;on|on|on&#8221; disabled=&#8221;on&#8221;]<\/p>\n<h2><span>Komiteesmember X<\/span><\/h2>\n<h3><a href=\"mailto:x@spillfabrik.lu\" class=\"whitelink\">x@spillfabrik.lu<\/a><\/h3>\n<p>Placeholder<\/p>\n<p>&nbsp;<\/p>\n<p>[\/et_pb_text][\/et_pb_column][\/et_pb_row][\/et_pb_section]<\/p>\n","protected":false},"excerpt":{"rendered":"<p>CrewHei l\u00e9iert dir eise Kommitee kennen. Mir sinn zu aacht a g\u00e9r\u00e9iere verschidden Aspekter an Aktivit\u00e9ite vum Club. Normalerweis ass bei all Evenement op mannst ee vun eis derb\u00e4i.President MARC [&hellip;]<\/p>\n","protected":false},"author":1,"featured_media":0,"parent":0,"menu_order":0,"comment_status":"closed","ping_status":"closed","template":"","meta":{"_et_pb_use_builder":"on","_et_pb_old_content":"<!-- wp:divi\/placeholder \/-->","_et_gb_content_width":"","footnotes":""},"folder":[],"class_list":["post-93","page","type-page","status-publish","hentry"],"_links":{"self":[{"href":"https:\/\/spillfabrik.lu\/en\/wp-json\/wp\/v2\/pages\/93","targetHints":{"allow":["GET"]}}],"collection":[{"href":"https:\/\/spillfabrik.lu\/en\/wp-json\/wp\/v2\/pages"}],"about":[{"href":"https:\/\/spillfabrik.lu\/en\/wp-json\/wp\/v2\/types\/page"}],"author":[{"embeddable":true,"href":"https:\/\/spillfabrik.lu\/en\/wp-json\/wp\/v2\/users\/1"}],"replies":[{"embeddable":true,"href":"https:\/\/spillfabrik.lu\/en\/wp-json\/wp\/v2\/comments?post=93"}],"version-history":[{"count":3,"href":"https:\/\/spillfabrik.lu\/en\/wp-json\/wp\/v2\/pages\/93\/revisions"}],"predecessor-version":[{"id":4938,"href":"https:\/\/spillfabrik.lu\/en\/wp-json\/wp\/v2\/pages\/93\/revisions\/4938"}],"wp:attachment":[{"href":"https:\/\/spillfabrik.lu\/en\/wp-json\/wp\/v2\/media?parent=93"}],"wp:term":[{"taxonomy":"folder","embeddable":true,"href":"https:\/\/spillfabrik.lu\/en\/wp-json\/wp\/v2\/folder?post=93"}],"curies":[{"name":"wp","href":"https:\/\/api.w.org\/{rel}","templated":true}]}}