{"id":18,"date":"2022-11-10T07:56:22","date_gmt":"2022-11-10T07:56:22","guid":{"rendered":"https:\/\/spillfabrik.lu\/?page_id=18"},"modified":"2025-08-06T10:32:03","modified_gmt":"2025-08-06T08:32:03","slug":"membership","status":"publish","type":"page","link":"https:\/\/spillfabrik.lu\/en\/membership\/","title":{"rendered":"Membership"},"content":{"rendered":"<p>[et_pb_section fb_built=&#8221;1&#8243; _builder_version=&#8221;4.19.0&#8243; _module_preset=&#8221;default&#8221; custom_margin=&#8221;||||true|true&#8221; custom_padding=&#8221;48px|10vw|48px|10vw|true|true&#8221; global_colors_info=&#8221;{}&#8221;][et_pb_row _builder_version=&#8221;4.19.0&#8243; _module_preset=&#8221;default&#8221; width=&#8221;100%&#8221; max_width=&#8221;1800px&#8221; custom_margin=&#8221;||24px||false|true&#8221; custom_padding=&#8221;0px||0px||true|true&#8221; global_colors_info=&#8221;{}&#8221;][et_pb_column type=&#8221;4_4&#8243; _builder_version=&#8221;4.19.0&#8243; _module_preset=&#8221;default&#8221; global_colors_info=&#8221;{}&#8221;][et_pb_text _builder_version=&#8221;4.19.2&#8243; _module_preset=&#8221;default&#8221; header_font=&#8221;M PLUS Rounded 1c|800||on|||||&#8221; header_text_color=&#8221;#4C7BBD&#8221; header_font_size=&#8221;32px&#8221; header_letter_spacing=&#8221;1px&#8221; custom_margin=&#8221;||12px||false|false&#8221; header_font_size_tablet=&#8221;28px&#8221; header_font_size_phone=&#8221;24px&#8221; header_font_size_last_edited=&#8221;on|phone&#8221; global_colors_info=&#8221;{}&#8221;]<\/p>\n<h1>Memberschaft<\/h1>\n<p>[\/et_pb_text][et_pb_text _builder_version=&#8221;4.22.0&#8243; _module_preset=&#8221;default&#8221; text_text_color=&#8221;#4C7BBD&#8221; global_colors_info=&#8221;{}&#8221;]<\/p>\n<p>Dir w\u00ebllt bei eis Member ginn? Wonnerbar! F\u00ebllt einfach d\u00ebse Formular aus an iwwerweist* eis \u00e4re Membersbeitrag. Alternativ dozou k\u00ebnnt dir och g\u00e4re bei eisen Evenementer laanscht kommen an iech sur place aschreiwen. De Membersb\u00e4itrag ass 12\u20ac pro Joer, oder 20\u20ac fir zwou Persounen aus deem selwechte Stot.<\/p>\n<p>* IBAN LU11 1111 3106 7480 0000 (CCPL LULL)<\/p>\n<p>[\/et_pb_text][\/et_pb_column][\/et_pb_row][et_pb_row use_custom_gutter=&#8221;on&#8221; gutter_width=&#8221;2&#8243; make_equal=&#8221;on&#8221; _builder_version=&#8221;4.19.0&#8243; _module_preset=&#8221;default&#8221; width=&#8221;100%&#8221; max_width=&#8221;1800px&#8221; custom_margin=&#8221;36px||36px||true|true&#8221; custom_padding=&#8221;0px||0px||false|true&#8221; global_colors_info=&#8221;{}&#8221;][et_pb_column type=&#8221;4_4&#8243; _builder_version=&#8221;4.19.0&#8243; _module_preset=&#8221;default&#8221; custom_padding=&#8221;24px|24px|24px|24px|true|true&#8221; border_radii=&#8221;on|5px|5px|5px|5px&#8221; border_color_all=&#8221;RGBA(255,255,255,0)&#8221; box_shadow_style=&#8221;preset1&#8243; box_shadow_blur=&#8221;20px&#8221; box_shadow_color=&#8221;rgba(76,123,189,0.5)&#8221; global_colors_info=&#8221;{}&#8221;][et_pb_contact_form email=&#8221;kontakt@spillfabrik.lu,sekretariat@spillfabrik.lu&#8221; success_message=&#8221;\u00c4re Message gouf erfollegr\u00e4ich gesch\u00e9ckt! \/ Your message has been sent successfully!&#8221; submit_button_text=&#8221;SCH\u00c9CKEN&#8221; _builder_version=&#8221;4.27.4&#8243; _module_preset=&#8221;default&#8221; _unique_id=&#8221;5d80cfba-d514-4ad2-8902-25e7963d4edf&#8221; form_field_text_color=&#8221;#8e8e8e&#8221; form_field_focus_text_color=&#8221;#444444&#8243; title_text_color=&#8221;#4C7BBD&#8221; captcha_text_color=&#8221;#4C7BBD&#8221; custom_button=&#8221;on&#8221; button_text_color=&#8221;#FFFFFF&#8221; button_bg_color=&#8221;#F6AF06&#8243; button_border_width=&#8221;0px&#8221; button_border_radius=&#8221;5px&#8221; hover_enabled=&#8221;0&#8243; box_shadow_style_button=&#8221;preset1&#8243; global_colors_info=&#8221;{}&#8221; sticky_enabled=&#8221;0&#8243;][et_pb_contact_field field_id=&#8221;Virnumm&#8221; field_title=&#8221;Virnumm&#8221; _builder_version=&#8221;4.22.0&#8243; global_colors_info=&#8221;{}&#8221; button_text_size__hover_enabled=&#8221;off&#8221; button_one_text_size__hover_enabled=&#8221;off&#8221; button_two_text_size__hover_enabled=&#8221;off&#8221; button_text_color__hover_enabled=&#8221;off&#8221; button_one_text_color__hover_enabled=&#8221;off&#8221; button_two_text_color__hover_enabled=&#8221;off&#8221; button_border_width__hover_enabled=&#8221;off&#8221; button_one_border_width__hover_enabled=&#8221;off&#8221; button_two_border_width__hover_enabled=&#8221;off&#8221; button_border_color__hover_enabled=&#8221;off&#8221; button_one_border_color__hover_enabled=&#8221;off&#8221; button_two_border_color__hover_enabled=&#8221;off&#8221; button_border_radius__hover_enabled=&#8221;off&#8221; button_one_border_radius__hover_enabled=&#8221;off&#8221; button_two_border_radius__hover_enabled=&#8221;off&#8221; button_letter_spacing__hover_enabled=&#8221;off&#8221; button_one_letter_spacing__hover_enabled=&#8221;off&#8221; button_two_letter_spacing__hover_enabled=&#8221;off&#8221; button_bg_color__hover_enabled=&#8221;off&#8221; button_one_bg_color__hover_enabled=&#8221;off&#8221; button_two_bg_color__hover_enabled=&#8221;off&#8221;][\/et_pb_contact_field][et_pb_contact_field field_id=&#8221;Familljennumm&#8221; field_title=&#8221;Familljennumm&#8221; _builder_version=&#8221;4.22.0&#8243; global_colors_info=&#8221;{}&#8221; button_text_size__hover_enabled=&#8221;off&#8221; button_one_text_size__hover_enabled=&#8221;off&#8221; button_two_text_size__hover_enabled=&#8221;off&#8221; button_text_color__hover_enabled=&#8221;off&#8221; button_one_text_color__hover_enabled=&#8221;off&#8221; button_two_text_color__hover_enabled=&#8221;off&#8221; button_border_width__hover_enabled=&#8221;off&#8221; button_one_border_width__hover_enabled=&#8221;off&#8221; button_two_border_width__hover_enabled=&#8221;off&#8221; button_border_color__hover_enabled=&#8221;off&#8221; button_one_border_color__hover_enabled=&#8221;off&#8221; button_two_border_color__hover_enabled=&#8221;off&#8221; button_border_radius__hover_enabled=&#8221;off&#8221; button_one_border_radius__hover_enabled=&#8221;off&#8221; button_two_border_radius__hover_enabled=&#8221;off&#8221; button_letter_spacing__hover_enabled=&#8221;off&#8221; button_one_letter_spacing__hover_enabled=&#8221;off&#8221; button_two_letter_spacing__hover_enabled=&#8221;off&#8221; button_bg_color__hover_enabled=&#8221;off&#8221; button_one_bg_color__hover_enabled=&#8221;off&#8221; button_two_bg_color__hover_enabled=&#8221;off&#8221;][\/et_pb_contact_field][et_pb_contact_field field_id=&#8221;Hausnummer&#8221; field_title=&#8221;Hausnummer&#8221; _builder_version=&#8221;4.19.0&#8243; _module_preset=&#8221;default&#8221; global_colors_info=&#8221;{}&#8221;][\/et_pb_contact_field][et_pb_contact_field field_id=&#8221;Strooss&#8221; field_title=&#8221;Strooss&#8221; _builder_version=&#8221;4.19.0&#8243; _module_preset=&#8221;default&#8221; global_colors_info=&#8221;{}&#8221;][\/et_pb_contact_field][et_pb_contact_field field_id=&#8221;Postleitzahl&#8221; field_title=&#8221;Postleitzahl&#8221; _builder_version=&#8221;4.19.0&#8243; _module_preset=&#8221;default&#8221; global_colors_info=&#8221;{}&#8221;][\/et_pb_contact_field][et_pb_contact_field field_id=&#8221;Uertschaft&#8221; field_title=&#8221;Uertschaft&#8221; _builder_version=&#8221;4.19.0&#8243; _module_preset=&#8221;default&#8221; global_colors_info=&#8221;{}&#8221;][\/et_pb_contact_field][et_pb_contact_field field_id=&#8221;Land&#8221; field_title=&#8221;Land&#8221; _builder_version=&#8221;4.19.0&#8243; _module_preset=&#8221;default&#8221; custom_css_main_element=&#8221;clear:both!important;&#8221; global_colors_info=&#8221;{}&#8221;][\/et_pb_contact_field][et_pb_contact_field field_id=&#8221;Gebuertsplaz&#8221; field_title=&#8221;Gebuertsplaz&#8221; _builder_version=&#8221;4.19.0&#8243; _module_preset=&#8221;default&#8221; global_colors_info=&#8221;{}&#8221;][\/et_pb_contact_field][et_pb_contact_field field_id=&#8221;Dag&#8221; field_title=&#8221;Dag\/Day&#8221; field_type=&#8221;select&#8221; select_options=&#8221;%91{%22value%22:%221%22,%22checked%22:0,%22dragID%22:-1},{%22value%22:%222%22,%22checked%22:0,%22dragID%22:0},{%22value%22:%223%22,%22checked%22:0,%22dragID%22:1},{%22value%22:%224%22,%22checked%22:0,%22dragID%22:2},{%22value%22:%225%22,%22checked%22:0,%22dragID%22:3},{%22value%22:%226%22,%22checked%22:0,%22dragID%22:4},{%22value%22:%227%22,%22checked%22:0,%22dragID%22:5},{%22value%22:%228%22,%22checked%22:0,%22dragID%22:6},{%22value%22:%229%22,%22checked%22:0,%22dragID%22:7},{%22value%22:%2210%22,%22checked%22:0,%22dragID%22:8},{%22value%22:%2211%22,%22checked%22:0,%22dragID%22:9},{%22value%22:%2212%22,%22checked%22:0,%22dragID%22:10},{%22value%22:%2213%22,%22checked%22:0,%22dragID%22:11},{%22value%22:%2214%22,%22checked%22:0,%22dragID%22:12},{%22value%22:%2215%22,%22checked%22:0,%22dragID%22:13},{%22value%22:%2216%22,%22checked%22:0,%22dragID%22:14},{%22value%22:%2217%22,%22checked%22:0,%22dragID%22:15},{%22value%22:%2218%22,%22checked%22:0,%22dragID%22:16},{%22value%22:%2219%22,%22checked%22:0,%22dragID%22:17},{%22value%22:%2220%22,%22checked%22:0,%22dragID%22:18},{%22value%22:%2221%22,%22checked%22:0,%22dragID%22:19},{%22value%22:%2222%22,%22checked%22:0,%22dragID%22:20},{%22value%22:%2223%22,%22checked%22:0,%22dragID%22:21},{%22value%22:%2224%22,%22checked%22:0,%22dragID%22:22},{%22value%22:%2225%22,%22checked%22:0,%22dragID%22:23},{%22value%22:%2226%22,%22checked%22:0,%22dragID%22:24},{%22value%22:%2227%22,%22checked%22:0,%22dragID%22:25},{%22value%22:%2228%22,%22checked%22:0,%22dragID%22:26},{%22value%22:%2229%22,%22checked%22:0,%22dragID%22:27},{%22value%22:%2230%22,%22checked%22:0,%22dragID%22:28},{%22value%22:%2231%22,%22checked%22:0,%22dragID%22:29}%93&#8243; _builder_version=&#8221;4.19.2&#8243; _module_preset=&#8221;default&#8221; custom_css_main_element=&#8221;width: 25%!important;&#8221; global_colors_info=&#8221;{}&#8221;][\/et_pb_contact_field][et_pb_contact_field field_id=&#8221;Mount&#8221; field_title=&#8221;Mount\/Month&#8221; field_type=&#8221;select&#8221; select_options=&#8221;%91{%22value%22:%22Jan\/Jan%22,%22checked%22:0,%22dragID%22:-1},{%22value%22:%22Feb\/Feb%22,%22checked%22:0,%22dragID%22:0},{%22value%22:%22M\u00e4eMar%22,%22checked%22:0,%22dragID%22:1},{%22value%22:%22Abr\/Apr%22,%22checked%22:0,%22dragID%22:2},{%22value%22:%22Mee\/May%22,%22checked%22:0,%22dragID%22:3},{%22value%22:%22Jun\/Jun%22,%22checked%22:0,%22dragID%22:4},{%22value%22:%22Jul\/Jul%22,%22checked%22:0,%22dragID%22:5},{%22value%22:%22Aug\/Aug%22,%22checked%22:0,%22dragID%22:6},{%22value%22:%22Sep\/Sep%22,%22checked%22:0,%22dragID%22:7},{%22value%22:%22Okt\/Oct%22,%22checked%22:0,%22dragID%22:8},{%22value%22:%22Nov\/Nov%22,%22checked%22:0,%22dragID%22:9},{%22value%22:%22Dez\/Dec%22,%22checked%22:0,%22dragID%22:10}%93&#8243; _builder_version=&#8221;4.19.2&#8243; _module_preset=&#8221;default&#8221; custom_css_main_element=&#8221;width: 25%!important;||clear:none!important;||&#8221; global_colors_info=&#8221;{}&#8221;][\/et_pb_contact_field][et_pb_contact_field field_id=&#8221;Joer&#8221; field_title=&#8221;Joer\/Year&#8221; field_type=&#8221;select&#8221; select_options=&#8221;%91{%22value%22:%221950%22,%22checked%22:0,%22dragID%22:14},{%22value%22:%221951%22,%22checked%22:0,%22dragID%22:15},{%22value%22:%221952%22,%22checked%22:0,%22dragID%22:16},{%22value%22:%221953%22,%22checked%22:0,%22dragID%22:17},{%22value%22:%221954%22,%22checked%22:0,%22dragID%22:18},{%22value%22:%221955%22,%22checked%22:0,%22dragID%22:19},{%22value%22:%221956%22,%22checked%22:0,%22dragID%22:20},{%22value%22:%221957%22,%22checked%22:0,%22dragID%22:21},{%22value%22:%221958%22,%22checked%22:0,%22dragID%22:22},{%22value%22:%221959%22,%22checked%22:0,%22dragID%22:23},{%22value%22:%221960%22,%22checked%22:0,%22dragID%22:24},{%22value%22:%221961%22,%22checked%22:0,%22dragID%22:25},{%22value%22:%221962%22,%22checked%22:0,%22dragID%22:26},{%22value%22:%221963%22,%22checked%22:0,%22dragID%22:27},{%22value%22:%221964%22,%22checked%22:0,%22dragID%22:28},{%22value%22:%221965%22,%22checked%22:0,%22dragID%22:29},{%22value%22:%221966%22,%22checked%22:0,%22dragID%22:30},{%22value%22:%221967%22,%22checked%22:0,%22dragID%22:31},{%22value%22:%221968%22,%22checked%22:0,%22dragID%22:32},{%22value%22:%221969%22,%22checked%22:0,%22dragID%22:33},{%22value%22:%221970%22,%22checked%22:0,%22dragID%22:34},{%22value%22:%221971%22,%22checked%22:0,%22dragID%22:35},{%22value%22:%221972%22,%22checked%22:0,%22dragID%22:36},{%22value%22:%221973%22,%22checked%22:0,%22dragID%22:37},{%22value%22:%221974%22,%22checked%22:0,%22dragID%22:38},{%22value%22:%221975%22,%22checked%22:0,%22dragID%22:39},{%22value%22:%221976%22,%22checked%22:0,%22dragID%22:40},{%22value%22:%221977%22,%22checked%22:0,%22dragID%22:41},{%22value%22:%221978%22,%22checked%22:0,%22dragID%22:42},{%22value%22:%221979%22,%22checked%22:0,%22dragID%22:43},{%22value%22:%221980%22,%22checked%22:0,%22dragID%22:44},{%22value%22:%221981%22,%22checked%22:0,%22dragID%22:45},{%22value%22:%221982%22,%22checked%22:0,%22dragID%22:46},{%22value%22:%221983%22,%22checked%22:0,%22dragID%22:47},{%22value%22:%221984%22,%22checked%22:0,%22dragID%22:48},{%22value%22:%221985%22,%22checked%22:0,%22dragID%22:49},{%22value%22:%221986%22,%22checked%22:0,%22dragID%22:50},{%22value%22:%221987%22,%22checked%22:0,%22dragID%22:51},{%22value%22:%221988%22,%22checked%22:0,%22dragID%22:52},{%22value%22:%221989%22,%22checked%22:0,%22dragID%22:53},{%22value%22:%221990%22,%22checked%22:0,%22dragID%22:54},{%22value%22:%221991%22,%22checked%22:0,%22dragID%22:55},{%22value%22:%221992%22,%22checked%22:0,%22dragID%22:56},{%22value%22:%221993%22,%22checked%22:0,%22dragID%22:57},{%22value%22:%221994%22,%22checked%22:0,%22dragID%22:58},{%22value%22:%221995%22,%22checked%22:0,%22dragID%22:59},{%22value%22:%221996%22,%22checked%22:0,%22dragID%22:60},{%22value%22:%221997%22,%22checked%22:0,%22dragID%22:61},{%22value%22:%221998%22,%22checked%22:0,%22dragID%22:62},{%22value%22:%221999%22,%22checked%22:0,%22dragID%22:63},{%22value%22:%222000%22,%22checked%22:0,%22dragID%22:64},{%22value%22:%222001%22,%22checked%22:0,%22dragID%22:65},{%22value%22:%222002%22,%22checked%22:0,%22dragID%22:66},{%22value%22:%222003%22,%22checked%22:0,%22dragID%22:67},{%22value%22:%222004%22,%22checked%22:0,%22dragID%22:68},{%22value%22:%222005%22,%22checked%22:0,%22dragID%22:69},{%22value%22:%222006%22,%22checked%22:0,%22dragID%22:70},{%22value%22:%222007%22,%22checked%22:0,%22dragID%22:71},{%22value%22:%222008%22,%22checked%22:0,%22dragID%22:72},{%22value%22:%222009%22,%22checked%22:0,%22dragID%22:73},{%22value%22:%222010%22,%22checked%22:0,%22dragID%22:74},{%22value%22:%222011%22,%22checked%22:0,%22dragID%22:75},{%22value%22:%222012%22,%22checked%22:0,%22dragID%22:76},{%22value%22:%222013%22,%22checked%22:0,%22dragID%22:77},{%22value%22:%222014%22,%22checked%22:0,%22dragID%22:78},{%22value%22:%222015%22,%22checked%22:0,%22dragID%22:79},{%22value%22:%222016%22,%22checked%22:0,%22dragID%22:80},{%22value%22:%222017%22,%22checked%22:0,%22dragID%22:81},{%22value%22:%222018%22,%22checked%22:0,%22dragID%22:82},{%22value%22:%222019%22,%22checked%22:0,%22dragID%22:83},{%22value%22:%222020%22,%22checked%22:0,%22dragID%22:84}%93&#8243; _builder_version=&#8221;4.27.4&#8243; _module_preset=&#8221;default&#8221; hover_enabled=&#8221;0&#8243; custom_css_main_element=&#8221;width: 25%!important;||clear:none!important;&#8221; global_colors_info=&#8221;{}&#8221; sticky_enabled=&#8221;0&#8243;][\/et_pb_contact_field][et_pb_contact_field field_id=&#8221;Email-Adress&#8221; field_title=&#8221;E-mail&#8221; field_type=&#8221;email&#8221; fullwidth_field=&#8221;on&#8221; _builder_version=&#8221;4.22.0&#8243; custom_css_main_element=&#8221;clear:none!important;&#8221; global_colors_info=&#8221;{}&#8221; button_text_size__hover_enabled=&#8221;off&#8221; button_one_text_size__hover_enabled=&#8221;off&#8221; button_two_text_size__hover_enabled=&#8221;off&#8221; button_text_color__hover_enabled=&#8221;off&#8221; button_one_text_color__hover_enabled=&#8221;off&#8221; button_two_text_color__hover_enabled=&#8221;off&#8221; button_border_width__hover_enabled=&#8221;off&#8221; button_one_border_width__hover_enabled=&#8221;off&#8221; button_two_border_width__hover_enabled=&#8221;off&#8221; button_border_color__hover_enabled=&#8221;off&#8221; button_one_border_color__hover_enabled=&#8221;off&#8221; button_two_border_color__hover_enabled=&#8221;off&#8221; button_border_radius__hover_enabled=&#8221;off&#8221; button_one_border_radius__hover_enabled=&#8221;off&#8221; button_two_border_radius__hover_enabled=&#8221;off&#8221; button_letter_spacing__hover_enabled=&#8221;off&#8221; button_one_letter_spacing__hover_enabled=&#8221;off&#8221; button_two_letter_spacing__hover_enabled=&#8221;off&#8221; button_bg_color__hover_enabled=&#8221;off&#8221; button_one_bg_color__hover_enabled=&#8221;off&#8221; button_two_bg_color__hover_enabled=&#8221;off&#8221;][\/et_pb_contact_field][et_pb_contact_field field_id=&#8221;Message&#8221; field_title=&#8221;Message&#8221; field_type=&#8221;text&#8221; fullwidth_field=&#8221;on&#8221; _builder_version=&#8221;4.19.0&#8243; global_colors_info=&#8221;{}&#8221; button_text_size__hover_enabled=&#8221;off&#8221; button_one_text_size__hover_enabled=&#8221;off&#8221; button_two_text_size__hover_enabled=&#8221;off&#8221; button_text_color__hover_enabled=&#8221;off&#8221; button_one_text_color__hover_enabled=&#8221;off&#8221; button_two_text_color__hover_enabled=&#8221;off&#8221; button_border_width__hover_enabled=&#8221;off&#8221; button_one_border_width__hover_enabled=&#8221;off&#8221; button_two_border_width__hover_enabled=&#8221;off&#8221; button_border_color__hover_enabled=&#8221;off&#8221; button_one_border_color__hover_enabled=&#8221;off&#8221; button_two_border_color__hover_enabled=&#8221;off&#8221; button_border_radius__hover_enabled=&#8221;off&#8221; button_one_border_radius__hover_enabled=&#8221;off&#8221; button_two_border_radius__hover_enabled=&#8221;off&#8221; button_letter_spacing__hover_enabled=&#8221;off&#8221; button_one_letter_spacing__hover_enabled=&#8221;off&#8221; button_two_letter_spacing__hover_enabled=&#8221;off&#8221; button_bg_color__hover_enabled=&#8221;off&#8221; button_one_bg_color__hover_enabled=&#8221;off&#8221; button_two_bg_color__hover_enabled=&#8221;off&#8221;][\/et_pb_contact_field][\/et_pb_contact_form][\/et_pb_column][\/et_pb_row][\/et_pb_section]<\/p>\n","protected":false},"excerpt":{"rendered":"<p>MemberschaftDir w\u00ebllt bei eis Member ginn? Wonnerbar! F\u00ebllt einfach d\u00ebse Formular aus an iwwerweist* eis \u00e4re Membersbeitrag. Alternativ dozou k\u00ebnnt dir och g\u00e4re bei eisen Evenementer laanscht kommen an iech [&hellip;]<\/p>\n","protected":false},"author":1,"featured_media":0,"parent":0,"menu_order":0,"comment_status":"closed","ping_status":"closed","template":"","meta":{"_et_pb_use_builder":"on","_et_pb_old_content":"","_et_gb_content_width":"","footnotes":""},"folder":[],"class_list":["post-18","page","type-page","status-publish","hentry"],"_links":{"self":[{"href":"https:\/\/spillfabrik.lu\/en\/wp-json\/wp\/v2\/pages\/18","targetHints":{"allow":["GET"]}}],"collection":[{"href":"https:\/\/spillfabrik.lu\/en\/wp-json\/wp\/v2\/pages"}],"about":[{"href":"https:\/\/spillfabrik.lu\/en\/wp-json\/wp\/v2\/types\/page"}],"author":[{"embeddable":true,"href":"https:\/\/spillfabrik.lu\/en\/wp-json\/wp\/v2\/users\/1"}],"replies":[{"embeddable":true,"href":"https:\/\/spillfabrik.lu\/en\/wp-json\/wp\/v2\/comments?post=18"}],"version-history":[{"count":8,"href":"https:\/\/spillfabrik.lu\/en\/wp-json\/wp\/v2\/pages\/18\/revisions"}],"predecessor-version":[{"id":5063,"href":"https:\/\/spillfabrik.lu\/en\/wp-json\/wp\/v2\/pages\/18\/revisions\/5063"}],"wp:attachment":[{"href":"https:\/\/spillfabrik.lu\/en\/wp-json\/wp\/v2\/media?parent=18"}],"wp:term":[{"taxonomy":"folder","embeddable":true,"href":"https:\/\/spillfabrik.lu\/en\/wp-json\/wp\/v2\/folder?post=18"}],"curies":[{"name":"wp","href":"https:\/\/api.w.org\/{rel}","templated":true}]}}