{"id":13,"date":"2022-11-10T07:55:40","date_gmt":"2022-11-10T07:55:40","guid":{"rendered":"https:\/\/spillfabrik.lu\/?page_id=13"},"modified":"2022-12-12T19:18:32","modified_gmt":"2022-12-12T19:18:32","slug":"iwwert-ons","status":"publish","type":"page","link":"https:\/\/spillfabrik.lu\/en\/iwwert-ons\/","title":{"rendered":"About Us"},"content":{"rendered":"<p>[et_pb_section fb_built=&#8221;1&#8243; _builder_version=&#8221;4.19.0&#8243; _module_preset=&#8221;default&#8221; custom_margin=&#8221;||||true|true&#8221; custom_padding=&#8221;48px|0px|48px|0px|true|true&#8221; global_colors_info=&#8221;{}&#8221;][et_pb_row _builder_version=&#8221;4.19.0&#8243; _module_preset=&#8221;default&#8221; width_tablet=&#8221;90%&#8221; width_phone=&#8221;90%&#8221; width_last_edited=&#8221;on|tablet&#8221; max_width=&#8221;1800px&#8221; max_width_tablet=&#8221;600px&#8221; max_width_phone=&#8221;600px&#8221; max_width_last_edited=&#8221;on|tablet&#8221; custom_margin=&#8221;||24px||false|true&#8221; custom_padding=&#8221;0px||0px||true|true&#8221; global_colors_info=&#8221;{}&#8221;][et_pb_column type=&#8221;4_4&#8243; _builder_version=&#8221;4.19.0&#8243; _module_preset=&#8221;default&#8221; global_colors_info=&#8221;{}&#8221;][et_pb_text _builder_version=&#8221;4.19.0&#8243; _module_preset=&#8221;default&#8221; header_font=&#8221;M PLUS Rounded 1c|800|||||||&#8221; header_text_color=&#8221;#4C7BBD&#8221; header_font_size=&#8221;32px&#8221; header_letter_spacing=&#8221;1px&#8221; header_font_size_tablet=&#8221;28px&#8221; header_font_size_phone=&#8221;24px&#8221; header_font_size_last_edited=&#8221;on|phone&#8221; global_colors_info=&#8221;{}&#8221;]<\/p>\n<h1>IWWERT ONS<\/h1>\n<p>[\/et_pb_text][\/et_pb_column][\/et_pb_row][et_pb_row column_structure=&#8221;1_3,1_3,1_3&#8243; use_custom_gutter=&#8221;on&#8221; gutter_width=&#8221;2&#8243; make_equal=&#8221;on&#8221; disabled_on=&#8221;off|off|off&#8221; _builder_version=&#8221;4.19.0&#8243; _module_preset=&#8221;default&#8221; width_tablet=&#8221;90%&#8221; width_phone=&#8221;90%&#8221; width_last_edited=&#8221;on|tablet&#8221; max_width=&#8221;1800px&#8221; max_width_tablet=&#8221;600px&#8221; max_width_phone=&#8221;600px&#8221; max_width_last_edited=&#8221;on|tablet&#8221; custom_margin=&#8221;0px||36px||false|true&#8221; custom_padding=&#8221;0px||0px||false|true&#8221; global_colors_info=&#8221;{}&#8221;][et_pb_column type=&#8221;1_3&#8243; _builder_version=&#8221;4.19.0&#8243; _module_preset=&#8221;default&#8221; custom_padding=&#8221;24px|24px|24px|24px|true|true&#8221; border_radii=&#8221;on|5px|5px|5px|5px&#8221; border_color_all=&#8221;RGBA(255,255,255,0)&#8221; box_shadow_style=&#8221;preset1&#8243; box_shadow_blur=&#8221;20px&#8221; box_shadow_color=&#8221;rgba(76,123,189,0.5)&#8221; global_colors_info=&#8221;{}&#8221;][et_pb_text _builder_version=&#8221;4.19.0&#8243; _module_preset=&#8221;default&#8221; header_font=&#8221;M PLUS Rounded 1c|800||on|||||&#8221; header_text_color=&#8221;#2AB6CA&#8221; header_font_size=&#8221;24px&#8221; header_letter_spacing=&#8221;1px&#8221; header_2_text_color=&#8221;#2AB6CA&#8221; custom_margin=&#8221;||12px||false|false&#8221; header_font_size_tablet=&#8221;20px&#8221; header_font_size_phone=&#8221;20px&#8221; header_font_size_last_edited=&#8221;on|desktop&#8221; global_colors_info=&#8221;{}&#8221;]<\/p>\n<h1>Geschicht<\/h1>\n<p>[\/et_pb_text][et_pb_image src=&#8221;https:\/\/spillfabrik.lu\/wp-content\/uploads\/2022\/11\/20161126_06.jpg&#8221; title_text=&#8221;20161126_06&#8243; _builder_version=&#8221;4.19.0&#8243; _module_preset=&#8221;default&#8221; module_alignment=&#8221;left&#8221; custom_margin=&#8221;||24px||false|false&#8221; border_color_all=&#8221;#2AB6CA&#8221; global_colors_info=&#8221;{}&#8221;][\/et_pb_image][et_pb_text _builder_version=&#8221;4.19.0&#8243; _module_preset=&#8221;default&#8221; text_text_color=&#8221;#636363&#8243; global_colors_info=&#8221;{}&#8221;]<\/p>\n<p><span>Wei ass et zu dem Club komm?<\/span><br \/><span>Dat Ganzt bas\u00e9iert op enger Spillsucht d\u00e9i bei jidderengem vun eis schonn a fr\u00e9ier Kandheet ugefaangen huet\u2026<\/span><\/p>\n<p>[\/et_pb_text][et_pb_button button_url=&#8221;@ET-DC@eyJkeW5hbWljIjp0cnVlLCJjb250ZW50IjoicG9zdF9saW5rX3VybF9wYWdlIiwic2V0dGluZ3MiOnsicG9zdF9pZCI6Ijk1In19@&#8221; button_text=&#8221;Liesen m\u00e9i&#8230;&#8221; _builder_version=&#8221;4.19.0&#8243; _dynamic_attributes=&#8221;button_url&#8221; _module_preset=&#8221;default&#8221; custom_button=&#8221;on&#8221; button_text_color=&#8221;#FFFFFF&#8221; button_bg_color=&#8221;#2AB6CA&#8221; button_border_width=&#8221;0px&#8221; button_border_radius=&#8221;6px&#8221; button_font=&#8221;|||on|||||&#8221; position_origin_a=&#8221;bottom_left&#8221; position_origin_r=&#8221;bottom_left&#8221; vertical_offset=&#8221;42px&#8221; horizontal_offset=&#8221;48px&#8221; custom_margin=&#8221;36px||||false|false&#8221; box_shadow_style=&#8221;preset2&#8243; box_shadow_horizontal=&#8221;0px&#8221; box_shadow_vertical=&#8221;0px&#8221; box_shadow_blur=&#8221;15px&#8221; box_shadow_spread=&#8221;3px&#8221; box_shadow_color=&#8221;rgba(21,45,91,0.4)&#8221; global_colors_info=&#8221;{}&#8221;][\/et_pb_button][\/et_pb_column][et_pb_column type=&#8221;1_3&#8243; _builder_version=&#8221;4.19.0&#8243; _module_preset=&#8221;default&#8221; custom_padding=&#8221;24px|24px|24px|24px|true|true&#8221; border_radii=&#8221;on|5px|5px|5px|5px&#8221; border_color_all=&#8221;RGBA(255,255,255,0)&#8221; box_shadow_style=&#8221;preset1&#8243; box_shadow_blur=&#8221;20px&#8221; box_shadow_color=&#8221;rgba(76,123,189,0.5)&#8221; global_colors_info=&#8221;{}&#8221;][et_pb_text _builder_version=&#8221;4.19.0&#8243; _module_preset=&#8221;default&#8221; text_text_color=&#8221;#F6AF06&#8243; header_font=&#8221;M PLUS Rounded 1c|800||on|||||&#8221; header_text_color=&#8221;#F6AF06&#8243; header_font_size=&#8221;24px&#8221; header_letter_spacing=&#8221;1px&#8221; header_2_text_color=&#8221;#2AB6CA&#8221; custom_margin=&#8221;||12px||false|false&#8221; header_font_size_tablet=&#8221;20px&#8221; header_font_size_phone=&#8221;20px&#8221; header_font_size_last_edited=&#8221;on|desktop&#8221; global_colors_info=&#8221;{}&#8221;]<\/p>\n<h1>CREW<\/h1>\n<p>[\/et_pb_text][et_pb_image src=&#8221;https:\/\/spillfabrik.lu\/wp-content\/uploads\/2022\/11\/Crew.jpg&#8221; alt=&#8221;Crew&#8221; title_text=&#8221;Crew&#8221; _builder_version=&#8221;4.19.0&#8243; _module_preset=&#8221;default&#8221; module_alignment=&#8221;left&#8221; custom_margin=&#8221;||24px||false|false&#8221; border_color_all=&#8221;#2AB6CA&#8221; global_colors_info=&#8221;{}&#8221;][\/et_pb_image][et_pb_text _builder_version=&#8221;4.19.2&#8243; _module_preset=&#8221;default&#8221; text_text_color=&#8221;#636363&#8243; hover_enabled=&#8221;0&#8243; global_colors_info=&#8221;{}&#8221; sticky_enabled=&#8221;0&#8243;]<\/p>\n<p>Hei l\u00e9iert dir eise Kommitee kennen. Mir sinn zu aacht a g\u00e9r\u00e9iere verschidden Aspekter an Aktivit\u00e9ite vum Club. Normalerweis ass bei all Evenement op mannst ee vun eis derb\u00e4i.<\/p>\n<p>[\/et_pb_text][et_pb_button button_url=&#8221;@ET-DC@eyJkeW5hbWljIjp0cnVlLCJjb250ZW50IjoicG9zdF9saW5rX3VybF9wYWdlIiwic2V0dGluZ3MiOnsicG9zdF9pZCI6IjkzIn19@&#8221; button_text=&#8221;Liesen m\u00e9i&#8230;&#8221; _builder_version=&#8221;4.19.0&#8243; _dynamic_attributes=&#8221;button_url&#8221; _module_preset=&#8221;default&#8221; custom_button=&#8221;on&#8221; button_text_color=&#8221;#FFFFFF&#8221; button_bg_color=&#8221;#F6AF06&#8243; button_border_width=&#8221;0px&#8221; button_border_radius=&#8221;6px&#8221; button_font=&#8221;|||on|||||&#8221; position_origin_a=&#8221;bottom_left&#8221; position_origin_r=&#8221;bottom_left&#8221; vertical_offset=&#8221;42px&#8221; horizontal_offset=&#8221;48px&#8221; custom_margin=&#8221;36px||||false|false&#8221; box_shadow_style=&#8221;preset2&#8243; box_shadow_horizontal=&#8221;0px&#8221; box_shadow_vertical=&#8221;0px&#8221; box_shadow_blur=&#8221;15px&#8221; box_shadow_spread=&#8221;3px&#8221; box_shadow_color=&#8221;rgba(21,45,91,0.4)&#8221; global_colors_info=&#8221;{}&#8221;][\/et_pb_button][\/et_pb_column][et_pb_column type=&#8221;1_3&#8243; _builder_version=&#8221;4.19.0&#8243; _module_preset=&#8221;default&#8221; custom_padding=&#8221;24px|24px|24px|24px|true|true&#8221; border_radii=&#8221;on|5px|5px|5px|5px&#8221; border_color_all=&#8221;RGBA(255,255,255,0)&#8221; box_shadow_style=&#8221;preset1&#8243; box_shadow_blur=&#8221;20px&#8221; box_shadow_color=&#8221;rgba(76,123,189,0.5)&#8221; global_colors_info=&#8221;{}&#8221;][et_pb_text _builder_version=&#8221;4.19.0&#8243; _module_preset=&#8221;default&#8221; header_font=&#8221;M PLUS Rounded 1c|800||on|||||&#8221; header_text_color=&#8221;#E9812D&#8221; header_font_size=&#8221;24px&#8221; header_letter_spacing=&#8221;1px&#8221; header_2_text_color=&#8221;#2AB6CA&#8221; custom_margin=&#8221;||12px||false|false&#8221; header_font_size_tablet=&#8221;20px&#8221; header_font_size_phone=&#8221;20px&#8221; header_font_size_last_edited=&#8221;on|desktop&#8221; global_colors_info=&#8221;{}&#8221;]<\/p>\n<h1>designers<\/h1>\n<p>[\/et_pb_text][et_pb_image src=&#8221;https:\/\/spillfabrik.lu\/wp-content\/uploads\/2022\/11\/57334.jpg&#8221; alt=&#8221;Designers&#8221; title_text=&#8221;Designers&#8221; _builder_version=&#8221;4.19.0&#8243; _module_preset=&#8221;default&#8221; module_alignment=&#8221;left&#8221; custom_margin=&#8221;||24px||false|false&#8221; border_color_all=&#8221;#2AB6CA&#8221; global_colors_info=&#8221;{}&#8221;][\/et_pb_image][et_pb_text _builder_version=&#8221;4.19.2&#8243; _module_preset=&#8221;default&#8221; text_text_color=&#8221;#636363&#8243; hover_enabled=&#8221;0&#8243; global_colors_info=&#8221;{}&#8221; sticky_enabled=&#8221;0&#8243;]<\/p>\n<p>Mir hunn och e puer Memberen, am Kommitee an och soss, d\u00e9i \u00ebnner d&#8217;Brietspill-Auteure gaange sinn. All Joer kommen direkt e puer Spiller eraus d\u00e9i \u00ebnnert der Fieder vun eise Fr\u00ebnn entstane sinn.<\/p>\n<p>[\/et_pb_text][et_pb_button button_url=&#8221;@ET-DC@eyJkeW5hbWljIjp0cnVlLCJjb250ZW50IjoicG9zdF9saW5rX3VybF9wYWdlIiwic2V0dGluZ3MiOnsicG9zdF9pZCI6IjkxIn19@&#8221; button_text=&#8221;Liesen m\u00e9i&#8230;&#8221; _builder_version=&#8221;4.19.0&#8243; _dynamic_attributes=&#8221;button_url&#8221; _module_preset=&#8221;default&#8221; custom_button=&#8221;on&#8221; button_text_color=&#8221;#FFFFFF&#8221; button_bg_color=&#8221;#E9812D&#8221; button_border_width=&#8221;0px&#8221; button_border_radius=&#8221;6px&#8221; button_font=&#8221;|||on|||||&#8221; position_origin_a=&#8221;bottom_left&#8221; position_origin_r=&#8221;bottom_left&#8221; vertical_offset=&#8221;42px&#8221; horizontal_offset=&#8221;48px&#8221; custom_margin=&#8221;36px||||false|false&#8221; box_shadow_style=&#8221;preset2&#8243; box_shadow_horizontal=&#8221;0px&#8221; box_shadow_vertical=&#8221;0px&#8221; box_shadow_blur=&#8221;15px&#8221; box_shadow_spread=&#8221;3px&#8221; box_shadow_color=&#8221;rgba(21,45,91,0.4)&#8221; global_colors_info=&#8221;{}&#8221;][\/et_pb_button][\/et_pb_column][\/et_pb_row][\/et_pb_section]<\/p>\n","protected":false},"excerpt":{"rendered":"<p>IWWERT ONSGeschichtWei ass et zu dem Club komm?Dat Ganzt bas\u00e9iert op enger Spillsucht d\u00e9i bei jidderengem vun eis schonn a fr\u00e9ier Kandheet ugefaangen huet\u2026CREWHei l\u00e9iert dir eise Kommitee kennen. Mir [&hellip;]<\/p>\n","protected":false},"author":1,"featured_media":0,"parent":0,"menu_order":0,"comment_status":"closed","ping_status":"closed","template":"","meta":{"_et_pb_use_builder":"on","_et_pb_old_content":"<!-- wp:divi\/placeholder \/-->","_et_gb_content_width":"","footnotes":""},"folder":[],"class_list":["post-13","page","type-page","status-publish","hentry"],"_links":{"self":[{"href":"https:\/\/spillfabrik.lu\/en\/wp-json\/wp\/v2\/pages\/13","targetHints":{"allow":["GET"]}}],"collection":[{"href":"https:\/\/spillfabrik.lu\/en\/wp-json\/wp\/v2\/pages"}],"about":[{"href":"https:\/\/spillfabrik.lu\/en\/wp-json\/wp\/v2\/types\/page"}],"author":[{"embeddable":true,"href":"https:\/\/spillfabrik.lu\/en\/wp-json\/wp\/v2\/users\/1"}],"replies":[{"embeddable":true,"href":"https:\/\/spillfabrik.lu\/en\/wp-json\/wp\/v2\/comments?post=13"}],"version-history":[{"count":1,"href":"https:\/\/spillfabrik.lu\/en\/wp-json\/wp\/v2\/pages\/13\/revisions"}],"predecessor-version":[{"id":1840,"href":"https:\/\/spillfabrik.lu\/en\/wp-json\/wp\/v2\/pages\/13\/revisions\/1840"}],"wp:attachment":[{"href":"https:\/\/spillfabrik.lu\/en\/wp-json\/wp\/v2\/media?parent=13"}],"wp:term":[{"taxonomy":"folder","embeddable":true,"href":"https:\/\/spillfabrik.lu\/en\/wp-json\/wp\/v2\/folder?post=13"}],"curies":[{"name":"wp","href":"https:\/\/api.w.org\/{rel}","templated":true}]}}